{"id":3609,"date":"2023-07-17T15:42:03","date_gmt":"2023-07-17T18:42:03","guid":{"rendered":"https:\/\/www.grapho.com.br\/site\/?post_type=product&#038;p=3609"},"modified":"2025-01-24T14:17:57","modified_gmt":"2025-01-24T17:17:57","slug":"autodesk-maya-2024-licenca-anual","status":"publish","type":"product","link":"https:\/\/www.grapho.com.br\/site\/produto\/autodesk-maya-2024-licenca-anual\/","title":{"rendered":"Autodesk Maya 2025 (Licen\u00e7a Anual)"},"content":{"rendered":"<p>Crie mundo em expans\u00e3o, personagens complexos e efeitos deslumbrantes com\u00a0 o Autodesk Maya 2024.<\/p>\n<p>O Maya \u00e9 um software 3D profissional para a cria\u00e7\u00e3o de personagens realistas e efeitos dignos de um sucesso de audi\u00eancia.\u00a0 Com ele voc\u00ea pode:<\/p>\n<p>Dar vida a personagens realistas com ferramentas de anima\u00e7\u00e3o interativas<\/p>\n<p>Modele objetos e cenas 3D com ferramentas intuitivas de modelagem<\/p>\n<p>Crie efeitos realistas, de explos\u00e3o \u00e0 simula\u00e7\u00e3o de tecidos.<\/p>\n","protected":false},"excerpt":{"rendered":"<p>*Valor pode variar com a cota\u00e7\u00e3o do d\u00f3lar<\/p>\n","protected":false},"featured_media":3610,"template":"","meta":[],"product_cat":[45],"product_tag":[],"yoast_head":"<!-- This site is optimized with the Yoast SEO plugin v16.3 - https:\/\/yoast.com\/wordpress\/plugins\/seo\/ -->\n<title>Autodesk Maya 2025 (Licen\u00e7a Anual) - GRAPHO<\/title>\n<meta name=\"description\" content=\"O Maya \u00e9 um software 3D profissional para a cria\u00e7\u00e3o de personagens realistas e efeitos dignos de um sucesso de audi\u00eancia.\u00a0\" \/>\n<meta name=\"robots\" content=\"index, follow, max-snippet:-1, max-image-preview:large, max-video-preview:-1\" \/>\n<link rel=\"canonical\" href=\"https:\/\/www.grapho.com.br\/site\/produto\/autodesk-maya-2024-licenca-anual\/\" \/>\n<meta property=\"og:locale\" content=\"pt_BR\" \/>\n<meta property=\"og:type\" content=\"article\" \/>\n<meta property=\"og:title\" content=\"Autodesk Maya 2025 (Licen\u00e7a Anual) - GRAPHO\" \/>\n<meta property=\"og:description\" content=\"O Maya \u00e9 um software 3D profissional para a cria\u00e7\u00e3o de personagens realistas e efeitos dignos de um sucesso de audi\u00eancia.\u00a0\" \/>\n<meta property=\"og:url\" content=\"https:\/\/www.grapho.com.br\/site\/produto\/autodesk-maya-2024-licenca-anual\/\" \/>\n<meta property=\"og:site_name\" content=\"GRAPHO\" \/>\n<meta property=\"article:modified_time\" content=\"2025-01-24T17:17:57+00:00\" \/>\n<meta property=\"og:image\" content=\"https:\/\/www.grapho.com.br\/site\/wp-content\/uploads\/2023\/07\/autodesk-maya-badge-1024px.jpg\" \/>\n\t<meta property=\"og:image:width\" content=\"1024\" \/>\n\t<meta property=\"og:image:height\" content=\"1024\" \/>\n<meta name=\"twitter:card\" content=\"summary_large_image\" \/>\n<meta name=\"twitter:label1\" content=\"Est. tempo de leitura\">\n\t<meta name=\"twitter:data1\" content=\"1 minuto\">\n<script type=\"application\/ld+json\" class=\"yoast-schema-graph\">{\"@context\":\"https:\/\/schema.org\",\"@graph\":[{\"@type\":\"WebSite\",\"@id\":\"https:\/\/www.grapho.com.br\/site\/#website\",\"url\":\"https:\/\/www.grapho.com.br\/site\/\",\"name\":\"GRAPHO\",\"description\":\"Softwares Autodesk\",\"potentialAction\":[{\"@type\":\"SearchAction\",\"target\":\"https:\/\/www.grapho.com.br\/site\/?s={search_term_string}\",\"query-input\":\"required name=search_term_string\"}],\"inLanguage\":\"pt-BR\"},{\"@type\":\"ImageObject\",\"@id\":\"https:\/\/www.grapho.com.br\/site\/produto\/autodesk-maya-2024-licenca-anual\/#primaryimage\",\"inLanguage\":\"pt-BR\",\"url\":\"https:\/\/www.grapho.com.br\/site\/wp-content\/uploads\/2023\/07\/autodesk-maya-badge-1024px.jpg\",\"contentUrl\":\"https:\/\/www.grapho.com.br\/site\/wp-content\/uploads\/2023\/07\/autodesk-maya-badge-1024px.jpg\",\"width\":1024,\"height\":1024},{\"@type\":\"WebPage\",\"@id\":\"https:\/\/www.grapho.com.br\/site\/produto\/autodesk-maya-2024-licenca-anual\/#webpage\",\"url\":\"https:\/\/www.grapho.com.br\/site\/produto\/autodesk-maya-2024-licenca-anual\/\",\"name\":\"Autodesk Maya 2025 (Licen\\u00e7a Anual) - GRAPHO\",\"isPartOf\":{\"@id\":\"https:\/\/www.grapho.com.br\/site\/#website\"},\"primaryImageOfPage\":{\"@id\":\"https:\/\/www.grapho.com.br\/site\/produto\/autodesk-maya-2024-licenca-anual\/#primaryimage\"},\"datePublished\":\"2023-07-17T18:42:03+00:00\",\"dateModified\":\"2025-01-24T17:17:57+00:00\",\"description\":\"O Maya \\u00e9 um software 3D profissional para a cria\\u00e7\\u00e3o de personagens realistas e efeitos dignos de um sucesso de audi\\u00eancia.\\u00a0\",\"breadcrumb\":{\"@id\":\"https:\/\/www.grapho.com.br\/site\/produto\/autodesk-maya-2024-licenca-anual\/#breadcrumb\"},\"inLanguage\":\"pt-BR\",\"potentialAction\":[{\"@type\":\"ReadAction\",\"target\":[\"https:\/\/www.grapho.com.br\/site\/produto\/autodesk-maya-2024-licenca-anual\/\"]}]},{\"@type\":\"BreadcrumbList\",\"@id\":\"https:\/\/www.grapho.com.br\/site\/produto\/autodesk-maya-2024-licenca-anual\/#breadcrumb\",\"itemListElement\":[{\"@type\":\"ListItem\",\"position\":1,\"item\":{\"@type\":\"WebPage\",\"@id\":\"https:\/\/www.grapho.com.br\/site\/\",\"url\":\"https:\/\/www.grapho.com.br\/site\/\",\"name\":\"In\\u00edcio\"}},{\"@type\":\"ListItem\",\"position\":2,\"item\":{\"@type\":\"WebPage\",\"@id\":\"https:\/\/www.grapho.com.br\/site\/shop\/\",\"url\":\"https:\/\/www.grapho.com.br\/site\/shop\/\",\"name\":\"Shop\"}},{\"@type\":\"ListItem\",\"position\":3,\"item\":{\"@id\":\"https:\/\/www.grapho.com.br\/site\/produto\/autodesk-maya-2024-licenca-anual\/#webpage\"}}]}]}<\/script>\n<!-- \/ Yoast SEO plugin. -->","_links":{"self":[{"href":"https:\/\/www.grapho.com.br\/site\/wp-json\/wp\/v2\/product\/3609"}],"collection":[{"href":"https:\/\/www.grapho.com.br\/site\/wp-json\/wp\/v2\/product"}],"about":[{"href":"https:\/\/www.grapho.com.br\/site\/wp-json\/wp\/v2\/types\/product"}],"wp:featuredmedia":[{"embeddable":true,"href":"https:\/\/www.grapho.com.br\/site\/wp-json\/wp\/v2\/media\/3610"}],"wp:attachment":[{"href":"https:\/\/www.grapho.com.br\/site\/wp-json\/wp\/v2\/media?parent=3609"}],"wp:term":[{"taxonomy":"product_cat","embeddable":true,"href":"https:\/\/www.grapho.com.br\/site\/wp-json\/wp\/v2\/product_cat?post=3609"},{"taxonomy":"product_tag","embeddable":true,"href":"https:\/\/www.grapho.com.br\/site\/wp-json\/wp\/v2\/product_tag?post=3609"}],"curies":[{"name":"wp","href":"https:\/\/api.w.org\/{rel}","templated":true}]}}