{"id":3330,"date":"2021-04-16T17:08:42","date_gmt":"2021-04-16T20:08:42","guid":{"rendered":"https:\/\/www.grapho.com.br\/site\/?post_type=product&#038;p=3330"},"modified":"2025-04-02T13:47:54","modified_gmt":"2025-04-02T16:47:54","slug":"coreldraw-graphics-suite-365-day-subscription","status":"publish","type":"product","link":"https:\/\/www.grapho.com.br\/site\/produto\/coreldraw-graphics-suite-365-day-subscription\/","title":{"rendered":"CorelDRAW Graphics Suite 2025 365 Day Subscription (Single User)"},"content":{"rendered":"<p>Esta \u00e9 uma \u00f3tima op\u00e7\u00e3o para quem deseja criar projetos de design por um excelente custo benef\u00edcio.<\/p>\n<p data-pm-slice=\"1 1 []\"><strong>Leve sua criatividade a um novo patamar com o CorelDRAW 2025!<\/strong><\/p>\n<p>O <strong>CorelDRAW 2025<\/strong> \u00e9 a ferramenta definitiva para designers gr\u00e1ficos, ilustradores e profissionais que buscam inova\u00e7\u00e3o, precis\u00e3o e produtividade. Com novos recursos avan\u00e7ados, intelig\u00eancia artificial aprimorada e uma interface intuitiva, voc\u00ea pode criar designs incr\u00edveis com rapidez e efici\u00eancia.<\/p>\n<p>*Licen\u00e7a por assinatura anual.<\/p>\n","protected":false},"excerpt":{"rendered":"<p>Uma su\u00edte multifuncional profissional para ilustra\u00e7\u00e3o vetorial, layout de p\u00e1gina, edi\u00e7\u00e3o de fotos e muito mais.<\/p>\n<p>Licenciamento: Plano de assinatura v\u00e1lida por 12 meses.<\/p>\n","protected":false},"featured_media":3755,"template":"","meta":[],"product_cat":[49],"product_tag":[70,71,72,66],"yoast_head":"<!-- This site is optimized with the Yoast SEO plugin v16.3 - https:\/\/yoast.com\/wordpress\/plugins\/seo\/ -->\n<title>CorelDRAW Graphics Suite 2025 365 Day Subscription (Single User) - GRAPHO<\/title>\n<meta name=\"description\" content=\"\u2705 Leve sua criatividade a um novo patamar com o CorelDRAW 2025! Novos recursos avan\u00e7ados e intelig\u00eancia artificial, crie designs incr\u00edveis com rapidez e efici\u00eancia.\" \/>\n<meta name=\"robots\" content=\"index, follow, max-snippet:-1, max-image-preview:large, max-video-preview:-1\" \/>\n<link rel=\"canonical\" href=\"https:\/\/www.grapho.com.br\/site\/produto\/coreldraw-graphics-suite-365-day-subscription\/\" \/>\n<meta property=\"og:locale\" content=\"pt_BR\" \/>\n<meta property=\"og:type\" content=\"article\" \/>\n<meta property=\"og:title\" content=\"CorelDRAW Graphics Suite 2025 365 Day Subscription (Single User) - GRAPHO\" \/>\n<meta property=\"og:description\" content=\"\u2705 Leve sua criatividade a um novo patamar com o CorelDRAW 2025! Novos recursos avan\u00e7ados e intelig\u00eancia artificial, crie designs incr\u00edveis com rapidez e efici\u00eancia.\" \/>\n<meta property=\"og:url\" content=\"https:\/\/www.grapho.com.br\/site\/produto\/coreldraw-graphics-suite-365-day-subscription\/\" \/>\n<meta property=\"og:site_name\" content=\"GRAPHO\" \/>\n<meta property=\"article:modified_time\" content=\"2025-04-02T16:47:54+00:00\" \/>\n<meta property=\"og:image\" content=\"https:\/\/www.grapho.com.br\/site\/wp-content\/uploads\/2021\/04\/Crie-com-paixao.-Crie-com-um-objetivo.-2.png\" \/>\n\t<meta property=\"og:image:width\" content=\"1080\" \/>\n\t<meta property=\"og:image:height\" content=\"1350\" \/>\n<meta name=\"twitter:card\" content=\"summary_large_image\" \/>\n<meta name=\"twitter:label1\" content=\"Est. tempo de leitura\">\n\t<meta name=\"twitter:data1\" content=\"1 minuto\">\n<script type=\"application\/ld+json\" class=\"yoast-schema-graph\">{\"@context\":\"https:\/\/schema.org\",\"@graph\":[{\"@type\":\"WebSite\",\"@id\":\"https:\/\/www.grapho.com.br\/site\/#website\",\"url\":\"https:\/\/www.grapho.com.br\/site\/\",\"name\":\"GRAPHO\",\"description\":\"Softwares Autodesk\",\"potentialAction\":[{\"@type\":\"SearchAction\",\"target\":\"https:\/\/www.grapho.com.br\/site\/?s={search_term_string}\",\"query-input\":\"required name=search_term_string\"}],\"inLanguage\":\"pt-BR\"},{\"@type\":\"ImageObject\",\"@id\":\"https:\/\/www.grapho.com.br\/site\/produto\/coreldraw-graphics-suite-365-day-subscription\/#primaryimage\",\"inLanguage\":\"pt-BR\",\"url\":\"https:\/\/www.grapho.com.br\/site\/wp-content\/uploads\/2021\/04\/Crie-com-paixao.-Crie-com-um-objetivo.-2.png\",\"contentUrl\":\"https:\/\/www.grapho.com.br\/site\/wp-content\/uploads\/2021\/04\/Crie-com-paixao.-Crie-com-um-objetivo.-2.png\",\"width\":1080,\"height\":1350},{\"@type\":\"WebPage\",\"@id\":\"https:\/\/www.grapho.com.br\/site\/produto\/coreldraw-graphics-suite-365-day-subscription\/#webpage\",\"url\":\"https:\/\/www.grapho.com.br\/site\/produto\/coreldraw-graphics-suite-365-day-subscription\/\",\"name\":\"CorelDRAW Graphics Suite 2025 365 Day Subscription (Single User) - GRAPHO\",\"isPartOf\":{\"@id\":\"https:\/\/www.grapho.com.br\/site\/#website\"},\"primaryImageOfPage\":{\"@id\":\"https:\/\/www.grapho.com.br\/site\/produto\/coreldraw-graphics-suite-365-day-subscription\/#primaryimage\"},\"datePublished\":\"2021-04-16T20:08:42+00:00\",\"dateModified\":\"2025-04-02T16:47:54+00:00\",\"description\":\"\\u2705 Leve sua criatividade a um novo patamar com o CorelDRAW 2025! Novos recursos avan\\u00e7ados e intelig\\u00eancia artificial, crie designs incr\\u00edveis com rapidez e efici\\u00eancia.\",\"breadcrumb\":{\"@id\":\"https:\/\/www.grapho.com.br\/site\/produto\/coreldraw-graphics-suite-365-day-subscription\/#breadcrumb\"},\"inLanguage\":\"pt-BR\",\"potentialAction\":[{\"@type\":\"ReadAction\",\"target\":[\"https:\/\/www.grapho.com.br\/site\/produto\/coreldraw-graphics-suite-365-day-subscription\/\"]}]},{\"@type\":\"BreadcrumbList\",\"@id\":\"https:\/\/www.grapho.com.br\/site\/produto\/coreldraw-graphics-suite-365-day-subscription\/#breadcrumb\",\"itemListElement\":[{\"@type\":\"ListItem\",\"position\":1,\"item\":{\"@type\":\"WebPage\",\"@id\":\"https:\/\/www.grapho.com.br\/site\/\",\"url\":\"https:\/\/www.grapho.com.br\/site\/\",\"name\":\"In\\u00edcio\"}},{\"@type\":\"ListItem\",\"position\":2,\"item\":{\"@type\":\"WebPage\",\"@id\":\"https:\/\/www.grapho.com.br\/site\/shop\/\",\"url\":\"https:\/\/www.grapho.com.br\/site\/shop\/\",\"name\":\"Shop\"}},{\"@type\":\"ListItem\",\"position\":3,\"item\":{\"@id\":\"https:\/\/www.grapho.com.br\/site\/produto\/coreldraw-graphics-suite-365-day-subscription\/#webpage\"}}]}]}<\/script>\n<!-- \/ Yoast SEO plugin. -->","_links":{"self":[{"href":"https:\/\/www.grapho.com.br\/site\/wp-json\/wp\/v2\/product\/3330"}],"collection":[{"href":"https:\/\/www.grapho.com.br\/site\/wp-json\/wp\/v2\/product"}],"about":[{"href":"https:\/\/www.grapho.com.br\/site\/wp-json\/wp\/v2\/types\/product"}],"wp:featuredmedia":[{"embeddable":true,"href":"https:\/\/www.grapho.com.br\/site\/wp-json\/wp\/v2\/media\/3755"}],"wp:attachment":[{"href":"https:\/\/www.grapho.com.br\/site\/wp-json\/wp\/v2\/media?parent=3330"}],"wp:term":[{"taxonomy":"product_cat","embeddable":true,"href":"https:\/\/www.grapho.com.br\/site\/wp-json\/wp\/v2\/product_cat?post=3330"},{"taxonomy":"product_tag","embeddable":true,"href":"https:\/\/www.grapho.com.br\/site\/wp-json\/wp\/v2\/product_tag?post=3330"}],"curies":[{"name":"wp","href":"https:\/\/api.w.org\/{rel}","templated":true}]}}