{"id":3318,"date":"2021-04-16T15:25:57","date_gmt":"2021-04-16T18:25:57","guid":{"rendered":"https:\/\/www.grapho.com.br\/site\/?post_type=product&#038;p=3318"},"modified":"2024-07-02T14:43:33","modified_gmt":"2024-07-02T17:43:33","slug":"adobe-single-app-illustrator-cc-for-teams","status":"publish","type":"product","link":"https:\/\/www.grapho.com.br\/site\/produto\/adobe-single-app-illustrator-cc-for-teams\/","title":{"rendered":"Adobe Single App Illustrator CC for teams (Licen\u00e7a Anual)"},"content":{"rendered":"<p>O software de desenhos vetoriais padr\u00e3o do setor permite criar de tudo, desde imagens incr\u00edveis para a Web e dispositivos m\u00f3veis at\u00e9 logotipos, \u00edcones, ilustra\u00e7\u00f5es de livros, embalagens de produtos e outdoors. E agora voc\u00ea pode aproveitar a liberdade e a flexibilidade do Illustrator tanto no desktop como no iPad.<\/p>\n<p>Voc\u00ea tamb\u00e9m pode adquirir o Adobe Illustrator\u00a0 dentro de uma Adobe CC completa.<\/p>\n<blockquote class=\"wp-embedded-content\" data-secret=\"dAaqavG5cQ\"><p><a href=\"https:\/\/www.grapho.com.br\/site\/produto\/adobe-creative-cloud-for-teams-new-suite-completa\/\">Adobe Creative Cloud for teams new (Suite Completa)<\/a><\/p><\/blockquote>\n<p><iframe class=\"wp-embedded-content\" sandbox=\"allow-scripts\" security=\"restricted\" style=\"position: absolute; clip: rect(1px, 1px, 1px, 1px);\" title=\"&#8220;Adobe Creative Cloud for teams new (Suite Completa)&#8221; &#8212; GRAPHO\" src=\"https:\/\/www.grapho.com.br\/site\/produto\/adobe-creative-cloud-for-teams-new-suite-completa\/embed\/#?secret=dAaqavG5cQ\" data-secret=\"dAaqavG5cQ\" width=\"500\" height=\"282\" frameborder=\"0\" marginwidth=\"0\" marginheight=\"0\" scrolling=\"no\"><\/iframe><\/p>\n","protected":false},"excerpt":{"rendered":"<p>Crie ilustra\u00e7\u00f5es maravilhosas onde quer que voc\u00ea esteja.<\/p>\n","protected":false},"featured_media":3319,"template":"","meta":[],"product_cat":[46],"product_tag":[65],"yoast_head":"<!-- This site is optimized with the Yoast SEO plugin v16.3 - https:\/\/yoast.com\/wordpress\/plugins\/seo\/ -->\n<title>Adobe Single App Illustrator CC for teams (Licen\u00e7a Anual) - GRAPHO<\/title>\n<meta name=\"robots\" content=\"index, follow, max-snippet:-1, max-image-preview:large, max-video-preview:-1\" \/>\n<link rel=\"canonical\" href=\"https:\/\/www.grapho.com.br\/site\/produto\/adobe-single-app-illustrator-cc-for-teams\/\" \/>\n<meta property=\"og:locale\" content=\"pt_BR\" \/>\n<meta property=\"og:type\" content=\"article\" \/>\n<meta property=\"og:title\" content=\"Adobe Single App Illustrator CC for teams (Licen\u00e7a Anual) - GRAPHO\" \/>\n<meta property=\"og:description\" content=\"Crie ilustra\u00e7\u00f5es maravilhosas onde quer que voc\u00ea esteja.\" \/>\n<meta property=\"og:url\" content=\"https:\/\/www.grapho.com.br\/site\/produto\/adobe-single-app-illustrator-cc-for-teams\/\" \/>\n<meta property=\"og:site_name\" content=\"GRAPHO\" \/>\n<meta property=\"article:modified_time\" content=\"2024-07-02T17:43:33+00:00\" \/>\n<meta property=\"og:image\" content=\"https:\/\/www.grapho.com.br\/site\/wp-content\/uploads\/2021\/04\/ilustrator.png\" \/>\n\t<meta property=\"og:image:width\" content=\"1200\" \/>\n\t<meta property=\"og:image:height\" content=\"1170\" \/>\n<meta name=\"twitter:card\" content=\"summary_large_image\" \/>\n<script type=\"application\/ld+json\" class=\"yoast-schema-graph\">{\"@context\":\"https:\/\/schema.org\",\"@graph\":[{\"@type\":\"WebSite\",\"@id\":\"https:\/\/www.grapho.com.br\/site\/#website\",\"url\":\"https:\/\/www.grapho.com.br\/site\/\",\"name\":\"GRAPHO\",\"description\":\"Softwares Autodesk\",\"potentialAction\":[{\"@type\":\"SearchAction\",\"target\":\"https:\/\/www.grapho.com.br\/site\/?s={search_term_string}\",\"query-input\":\"required name=search_term_string\"}],\"inLanguage\":\"pt-BR\"},{\"@type\":\"ImageObject\",\"@id\":\"https:\/\/www.grapho.com.br\/site\/produto\/adobe-single-app-illustrator-cc-for-teams\/#primaryimage\",\"inLanguage\":\"pt-BR\",\"url\":\"https:\/\/www.grapho.com.br\/site\/wp-content\/uploads\/2021\/04\/ilustrator.png\",\"contentUrl\":\"https:\/\/www.grapho.com.br\/site\/wp-content\/uploads\/2021\/04\/ilustrator.png\",\"width\":1200,\"height\":1170},{\"@type\":\"WebPage\",\"@id\":\"https:\/\/www.grapho.com.br\/site\/produto\/adobe-single-app-illustrator-cc-for-teams\/#webpage\",\"url\":\"https:\/\/www.grapho.com.br\/site\/produto\/adobe-single-app-illustrator-cc-for-teams\/\",\"name\":\"Adobe Single App Illustrator CC for teams (Licen\\u00e7a Anual) - GRAPHO\",\"isPartOf\":{\"@id\":\"https:\/\/www.grapho.com.br\/site\/#website\"},\"primaryImageOfPage\":{\"@id\":\"https:\/\/www.grapho.com.br\/site\/produto\/adobe-single-app-illustrator-cc-for-teams\/#primaryimage\"},\"datePublished\":\"2021-04-16T18:25:57+00:00\",\"dateModified\":\"2024-07-02T17:43:33+00:00\",\"breadcrumb\":{\"@id\":\"https:\/\/www.grapho.com.br\/site\/produto\/adobe-single-app-illustrator-cc-for-teams\/#breadcrumb\"},\"inLanguage\":\"pt-BR\",\"potentialAction\":[{\"@type\":\"ReadAction\",\"target\":[\"https:\/\/www.grapho.com.br\/site\/produto\/adobe-single-app-illustrator-cc-for-teams\/\"]}]},{\"@type\":\"BreadcrumbList\",\"@id\":\"https:\/\/www.grapho.com.br\/site\/produto\/adobe-single-app-illustrator-cc-for-teams\/#breadcrumb\",\"itemListElement\":[{\"@type\":\"ListItem\",\"position\":1,\"item\":{\"@type\":\"WebPage\",\"@id\":\"https:\/\/www.grapho.com.br\/site\/\",\"url\":\"https:\/\/www.grapho.com.br\/site\/\",\"name\":\"In\\u00edcio\"}},{\"@type\":\"ListItem\",\"position\":2,\"item\":{\"@type\":\"WebPage\",\"@id\":\"https:\/\/www.grapho.com.br\/site\/shop\/\",\"url\":\"https:\/\/www.grapho.com.br\/site\/shop\/\",\"name\":\"Shop\"}},{\"@type\":\"ListItem\",\"position\":3,\"item\":{\"@id\":\"https:\/\/www.grapho.com.br\/site\/produto\/adobe-single-app-illustrator-cc-for-teams\/#webpage\"}}]}]}<\/script>\n<!-- \/ Yoast SEO plugin. -->","_links":{"self":[{"href":"https:\/\/www.grapho.com.br\/site\/wp-json\/wp\/v2\/product\/3318"}],"collection":[{"href":"https:\/\/www.grapho.com.br\/site\/wp-json\/wp\/v2\/product"}],"about":[{"href":"https:\/\/www.grapho.com.br\/site\/wp-json\/wp\/v2\/types\/product"}],"wp:featuredmedia":[{"embeddable":true,"href":"https:\/\/www.grapho.com.br\/site\/wp-json\/wp\/v2\/media\/3319"}],"wp:attachment":[{"href":"https:\/\/www.grapho.com.br\/site\/wp-json\/wp\/v2\/media?parent=3318"}],"wp:term":[{"taxonomy":"product_cat","embeddable":true,"href":"https:\/\/www.grapho.com.br\/site\/wp-json\/wp\/v2\/product_cat?post=3318"},{"taxonomy":"product_tag","embeddable":true,"href":"https:\/\/www.grapho.com.br\/site\/wp-json\/wp\/v2\/product_tag?post=3318"}],"curies":[{"name":"wp","href":"https:\/\/api.w.org\/{rel}","templated":true}]}}