{"id":2790,"date":"2020-12-13T20:39:16","date_gmt":"2020-12-13T23:39:16","guid":{"rendered":"http:\/\/www.grapho.com.br\/site\/?post_type=product&#038;p=2790"},"modified":"2025-01-24T14:16:51","modified_gmt":"2025-01-24T17:16:51","slug":"autodesk-autocad-2021-licenca-anual","status":"publish","type":"product","link":"https:\/\/www.grapho.com.br\/site\/produto\/autodesk-autocad-2021-licenca-anual\/","title":{"rendered":"Autodesk AutoCAD LT 2025 (Licen\u00e7a Anual)"},"content":{"rendered":"","protected":false},"excerpt":{"rendered":"<p class=\"cmp-title__text wp-heading-large wd-mv-8\">O software de documenta\u00e7\u00e3o e de desenho 2D de precis\u00e3o inclui o aplicativo Web do AutoCAD e o aplicativo AutoCAD para dispositivos m\u00f3veis.<\/p>\n","protected":false},"featured_media":3446,"template":"","meta":[],"product_cat":[45],"product_tag":[64,62,63],"yoast_head":"<!-- This site is optimized with the Yoast SEO plugin v16.3 - https:\/\/yoast.com\/wordpress\/plugins\/seo\/ -->\n<title>Autodesk AutoCAD LT 2025 (Licen\u00e7a Anual) - GRAPHO<\/title>\n<meta name=\"robots\" content=\"index, follow, max-snippet:-1, max-image-preview:large, max-video-preview:-1\" \/>\n<link rel=\"canonical\" href=\"https:\/\/www.grapho.com.br\/site\/produto\/autodesk-autocad-2021-licenca-anual\/\" \/>\n<meta property=\"og:locale\" content=\"pt_BR\" \/>\n<meta property=\"og:type\" content=\"article\" \/>\n<meta property=\"og:title\" content=\"Autodesk AutoCAD LT 2025 (Licen\u00e7a Anual) - GRAPHO\" \/>\n<meta property=\"og:description\" content=\"O software de documenta\u00e7\u00e3o e de desenho 2D de precis\u00e3o inclui o aplicativo Web do AutoCAD e o aplicativo AutoCAD para dispositivos m\u00f3veis.\" \/>\n<meta property=\"og:url\" content=\"https:\/\/www.grapho.com.br\/site\/produto\/autodesk-autocad-2021-licenca-anual\/\" \/>\n<meta property=\"og:site_name\" content=\"GRAPHO\" \/>\n<meta property=\"article:modified_time\" content=\"2025-01-24T17:16:51+00:00\" \/>\n<meta property=\"og:image\" content=\"https:\/\/www.grapho.com.br\/site\/wp-content\/uploads\/2022\/04\/autodesk-autocad-lt-badge-256.jpg\" \/>\n\t<meta property=\"og:image:width\" content=\"256\" \/>\n\t<meta property=\"og:image:height\" content=\"256\" \/>\n<meta name=\"twitter:card\" content=\"summary_large_image\" \/>\n<script type=\"application\/ld+json\" class=\"yoast-schema-graph\">{\"@context\":\"https:\/\/schema.org\",\"@graph\":[{\"@type\":\"WebSite\",\"@id\":\"https:\/\/www.grapho.com.br\/site\/#website\",\"url\":\"https:\/\/www.grapho.com.br\/site\/\",\"name\":\"GRAPHO\",\"description\":\"Softwares Autodesk\",\"potentialAction\":[{\"@type\":\"SearchAction\",\"target\":\"https:\/\/www.grapho.com.br\/site\/?s={search_term_string}\",\"query-input\":\"required name=search_term_string\"}],\"inLanguage\":\"pt-BR\"},{\"@type\":\"ImageObject\",\"@id\":\"https:\/\/www.grapho.com.br\/site\/produto\/autodesk-autocad-2021-licenca-anual\/#primaryimage\",\"inLanguage\":\"pt-BR\",\"url\":\"https:\/\/www.grapho.com.br\/site\/wp-content\/uploads\/2022\/04\/autodesk-autocad-lt-badge-256.jpg\",\"contentUrl\":\"https:\/\/www.grapho.com.br\/site\/wp-content\/uploads\/2022\/04\/autodesk-autocad-lt-badge-256.jpg\",\"width\":256,\"height\":256},{\"@type\":\"WebPage\",\"@id\":\"https:\/\/www.grapho.com.br\/site\/produto\/autodesk-autocad-2021-licenca-anual\/#webpage\",\"url\":\"https:\/\/www.grapho.com.br\/site\/produto\/autodesk-autocad-2021-licenca-anual\/\",\"name\":\"Autodesk AutoCAD LT 2025 (Licen\\u00e7a Anual) - GRAPHO\",\"isPartOf\":{\"@id\":\"https:\/\/www.grapho.com.br\/site\/#website\"},\"primaryImageOfPage\":{\"@id\":\"https:\/\/www.grapho.com.br\/site\/produto\/autodesk-autocad-2021-licenca-anual\/#primaryimage\"},\"datePublished\":\"2020-12-13T23:39:16+00:00\",\"dateModified\":\"2025-01-24T17:16:51+00:00\",\"breadcrumb\":{\"@id\":\"https:\/\/www.grapho.com.br\/site\/produto\/autodesk-autocad-2021-licenca-anual\/#breadcrumb\"},\"inLanguage\":\"pt-BR\",\"potentialAction\":[{\"@type\":\"ReadAction\",\"target\":[\"https:\/\/www.grapho.com.br\/site\/produto\/autodesk-autocad-2021-licenca-anual\/\"]}]},{\"@type\":\"BreadcrumbList\",\"@id\":\"https:\/\/www.grapho.com.br\/site\/produto\/autodesk-autocad-2021-licenca-anual\/#breadcrumb\",\"itemListElement\":[{\"@type\":\"ListItem\",\"position\":1,\"item\":{\"@type\":\"WebPage\",\"@id\":\"https:\/\/www.grapho.com.br\/site\/\",\"url\":\"https:\/\/www.grapho.com.br\/site\/\",\"name\":\"In\\u00edcio\"}},{\"@type\":\"ListItem\",\"position\":2,\"item\":{\"@type\":\"WebPage\",\"@id\":\"https:\/\/www.grapho.com.br\/site\/shop\/\",\"url\":\"https:\/\/www.grapho.com.br\/site\/shop\/\",\"name\":\"Shop\"}},{\"@type\":\"ListItem\",\"position\":3,\"item\":{\"@id\":\"https:\/\/www.grapho.com.br\/site\/produto\/autodesk-autocad-2021-licenca-anual\/#webpage\"}}]}]}<\/script>\n<!-- \/ Yoast SEO plugin. -->","_links":{"self":[{"href":"https:\/\/www.grapho.com.br\/site\/wp-json\/wp\/v2\/product\/2790"}],"collection":[{"href":"https:\/\/www.grapho.com.br\/site\/wp-json\/wp\/v2\/product"}],"about":[{"href":"https:\/\/www.grapho.com.br\/site\/wp-json\/wp\/v2\/types\/product"}],"wp:featuredmedia":[{"embeddable":true,"href":"https:\/\/www.grapho.com.br\/site\/wp-json\/wp\/v2\/media\/3446"}],"wp:attachment":[{"href":"https:\/\/www.grapho.com.br\/site\/wp-json\/wp\/v2\/media?parent=2790"}],"wp:term":[{"taxonomy":"product_cat","embeddable":true,"href":"https:\/\/www.grapho.com.br\/site\/wp-json\/wp\/v2\/product_cat?post=2790"},{"taxonomy":"product_tag","embeddable":true,"href":"https:\/\/www.grapho.com.br\/site\/wp-json\/wp\/v2\/product_tag?post=2790"}],"curies":[{"name":"wp","href":"https:\/\/api.w.org\/{rel}","templated":true}]}}