{"id":3242,"date":"2021-03-02T15:27:04","date_gmt":"2021-03-02T18:27:04","guid":{"rendered":"http:\/\/www.grapho.com.br\/site\/?page_id=3242"},"modified":"2021-05-05T17:12:19","modified_gmt":"2021-05-05T20:12:19","slug":"servicos","status":"publish","type":"page","link":"https:\/\/www.grapho.com.br\/site\/servicos\/","title":{"rendered":"Servi\u00e7os"},"content":{"rendered":"\t\t<div data-elementor-type=\"wp-page\" data-elementor-id=\"3242\" class=\"elementor elementor-3242\">\n\t\t\t\t\t\t<div class=\"elementor-inner\">\n\t\t\t\t<div class=\"elementor-section-wrap\">\n\t\t\t\t\t\t\t\t\t<section class=\"elementor-section elementor-top-section elementor-element elementor-element-8c1b6b2 elementor-section-content-middle ot-traditional elementor-section-boxed elementor-section-height-default elementor-section-height-default\" data-id=\"8c1b6b2\" data-element_type=\"section\">\n\t\t\t\t\t\t<div class=\"elementor-container elementor-column-gap-extended\">\n\t\t\t\t\t\t\t<div class=\"elementor-row\">\n\t\t\t\t\t<div class=\"elementor-column elementor-col-50 elementor-top-column elementor-element elementor-element-8416bc3\" data-id=\"8416bc3\" data-element_type=\"column\">\n\t\t\t<div class=\"elementor-column-wrap elementor-element-populated\">\n\t\t\t\t\t\t\t<div class=\"elementor-widget-wrap\">\n\t\t\t\t\t\t<div class=\"elementor-element elementor-element-d735292 elementor-widget elementor-widget-iheading\" data-id=\"d735292\" data-element_type=\"widget\" data-widget_type=\"iheading.default\">\n\t\t\t\t<div class=\"elementor-widget-container\">\n\t\t\t\t\t<div class=\"ot-heading\">\r\n\t        \t            <span>\/\/ Servi\u00e7os GRAPHO<\/span>\r\n\t        <h2 class=\"main-heading\">CAPACITA\u00c7\u00c3O<\/h2>\t    <\/div>\r\n\t    \t\t<\/div>\n\t\t\t\t<\/div>\n\t\t\t\t<div class=\"elementor-element elementor-element-d1b9e95 elementor-widget elementor-widget-text-editor\" data-id=\"d1b9e95\" data-element_type=\"widget\" data-widget_type=\"text-editor.default\">\n\t\t\t\t<div class=\"elementor-widget-container\">\n\t\t\t\t\t\t\t\t<div class=\"elementor-text-editor elementor-clearfix\">\n\t\t\t\t<p>A GRAPHO Software \u00e9 um Centro de Treinamento Autorizado Autodesk. Possui uma equipe t\u00e9cnica altamente qualificada, nossos t\u00e9cnicos s\u00e3o capacitados periodicamente e est\u00e3o sempre em busca de tend\u00eancias e novidades nas solu\u00e7\u00f5es Autodesk.<\/p>\n<p>Acreditamos que a capacita\u00e7\u00e3o \u00e9 essencial para que os usu\u00e1rios conhe\u00e7am as funcionalidades das ferramentas e solu\u00e7\u00f5es adquiridas. Um profissional capacitado produz melhor e consegue aproveitar ao m\u00e1ximo os benef\u00edcios de sua solu\u00e7\u00e3o.<\/p>\n<p>Al\u00e9m dos nossos tradicionais cursos in-company e turmas abertas, recentemente foi desenvolvido pela Virtual Automa\u00e7\u00e3o, empresa do Grupo GRAPHO Software, a Universidade Virtual. Uma plataforma de cursos ON-SITE.<\/p>\n<p>Os cursos on-site s\u00e3o v\u00eddeo-aulas gravadas preparadas para os desafios do mercado nas solu\u00e7\u00f5es Autodesk.&nbsp;<\/p>\n<p><\/p>\t\t\t\t\t<\/div>\n\t\t\t\t\t\t<\/div>\n\t\t\t\t<\/div>\n\t\t\t\t\t\t<\/div>\n\t\t\t\t\t<\/div>\n\t\t<\/div>\n\t\t\t\t<div class=\"elementor-column elementor-col-50 elementor-top-column elementor-element elementor-element-add1e18\" data-id=\"add1e18\" data-element_type=\"column\">\n\t\t\t<div class=\"elementor-column-wrap elementor-element-populated\">\n\t\t\t\t\t\t\t<div class=\"elementor-widget-wrap\">\n\t\t\t\t\t\t<div class=\"elementor-element elementor-element-c13628d elementor-widget elementor-widget-image\" data-id=\"c13628d\" data-element_type=\"widget\" data-widget_type=\"image.default\">\n\t\t\t\t<div class=\"elementor-widget-container\">\n\t\t\t\t\t\t\t\t<div class=\"elementor-image\">\n\t\t\t\t\t\t\t\t\t\t\t\t<img width=\"977\" height=\"521\" src=\"https:\/\/www.grapho.com.br\/site\/wp-content\/uploads\/2020\/03\/image1-home2.png\" class=\"attachment-large size-large\" alt=\"\" loading=\"lazy\" srcset=\"https:\/\/www.grapho.com.br\/site\/wp-content\/uploads\/2020\/03\/image1-home2.png 977w, https:\/\/www.grapho.com.br\/site\/wp-content\/uploads\/2020\/03\/image1-home2-600x320.png 600w, https:\/\/www.grapho.com.br\/site\/wp-content\/uploads\/2020\/03\/image1-home2-300x160.png 300w, https:\/\/www.grapho.com.br\/site\/wp-content\/uploads\/2020\/03\/image1-home2-768x410.png 768w, https:\/\/www.grapho.com.br\/site\/wp-content\/uploads\/2020\/03\/image1-home2-720x384.png 720w\" sizes=\"(max-width: 977px) 100vw, 977px\" \/>\t\t\t\t\t\t\t\t\t\t\t\t\t\t<\/div>\n\t\t\t\t\t\t<\/div>\n\t\t\t\t<\/div>\n\t\t\t\t<div class=\"elementor-element elementor-element-4ea803e elementor-align-center elementor-widget elementor-widget-button\" data-id=\"4ea803e\" data-element_type=\"widget\" data-widget_type=\"button.default\">\n\t\t\t\t<div class=\"elementor-widget-container\">\n\t\t\t\t\t<div class=\"elementor-button-wrapper\">\n\t\t\t<a href=\"https:\/\/universidade.virtualautomacao.com.br\/\" target=\"_blank\" class=\"elementor-button-link elementor-button elementor-size-md\" role=\"button\">\n\t\t\t\t\t\t<span class=\"elementor-button-content-wrapper\">\n\t\t\t\t\t\t<span class=\"elementor-button-text\">Conhe\u00e7a a Universidade Virtual<\/span>\n\t\t<\/span>\n\t\t\t\t\t<\/a>\n\t\t<\/div>\n\t\t\t\t<\/div>\n\t\t\t\t<\/div>\n\t\t\t\t\t\t<\/div>\n\t\t\t\t\t<\/div>\n\t\t<\/div>\n\t\t\t\t\t\t\t\t<\/div>\n\t\t\t\t\t<\/div>\n\t\t<\/section>\n\t\t\t\t<section class=\"elementor-section elementor-top-section elementor-element elementor-element-279ace5 elementor-section-content-middle ot-traditional elementor-section-boxed elementor-section-height-default elementor-section-height-default\" data-id=\"279ace5\" data-element_type=\"section\" data-settings=\"{&quot;background_background&quot;:&quot;classic&quot;,&quot;shape_divider_top&quot;:&quot;waves&quot;}\">\n\t\t\t\t\t<div class=\"elementor-shape elementor-shape-top\" data-negative=\"false\">\n\t\t\t<svg xmlns=\"http:\/\/www.w3.org\/2000\/svg\" viewBox=\"0 0 1000 100\" preserveAspectRatio=\"none\">\n\t<path class=\"elementor-shape-fill\" d=\"M421.9,6.5c22.6-2.5,51.5,0.4,75.5,5.3c23.6,4.9,70.9,23.5,100.5,35.7c75.8,32.2,133.7,44.5,192.6,49.7\n\tc23.6,2.1,48.7,3.5,103.4-2.5c54.7-6,106.2-25.6,106.2-25.6V0H0v30.3c0,0,72,32.6,158.4,30.5c39.2-0.7,92.8-6.7,134-22.4\n\tc21.2-8.1,52.2-18.2,79.7-24.2C399.3,7.9,411.6,7.5,421.9,6.5z\"\/>\n<\/svg>\t\t<\/div>\n\t\t\t\t\t<div class=\"elementor-container elementor-column-gap-extended\">\n\t\t\t\t\t\t\t<div class=\"elementor-row\">\n\t\t\t\t\t<div class=\"elementor-column elementor-col-50 elementor-top-column elementor-element elementor-element-2edcf7b\" data-id=\"2edcf7b\" data-element_type=\"column\">\n\t\t\t<div class=\"elementor-column-wrap elementor-element-populated\">\n\t\t\t\t\t\t\t<div class=\"elementor-widget-wrap\">\n\t\t\t\t\t\t<div class=\"elementor-element elementor-element-125dc89 elementor-widget elementor-widget-image\" data-id=\"125dc89\" data-element_type=\"widget\" data-widget_type=\"image.default\">\n\t\t\t\t<div class=\"elementor-widget-container\">\n\t\t\t\t\t\t\t\t<div class=\"elementor-image\">\n\t\t\t\t\t\t\t\t\t\t\t\t<img width=\"1024\" height=\"576\" src=\"https:\/\/www.grapho.com.br\/site\/wp-content\/uploads\/2020\/02\/bg-09-free-img-1024x576.jpg\" class=\"attachment-large size-large\" alt=\"Background Image\" loading=\"lazy\" srcset=\"https:\/\/www.grapho.com.br\/site\/wp-content\/uploads\/2020\/02\/bg-09-free-img-1024x576.jpg 1024w, https:\/\/www.grapho.com.br\/site\/wp-content\/uploads\/2020\/02\/bg-09-free-img-600x338.jpg 600w, https:\/\/www.grapho.com.br\/site\/wp-content\/uploads\/2020\/02\/bg-09-free-img-300x169.jpg 300w, https:\/\/www.grapho.com.br\/site\/wp-content\/uploads\/2020\/02\/bg-09-free-img-768x432.jpg 768w, https:\/\/www.grapho.com.br\/site\/wp-content\/uploads\/2020\/02\/bg-09-free-img-1536x864.jpg 1536w, https:\/\/www.grapho.com.br\/site\/wp-content\/uploads\/2020\/02\/bg-09-free-img.jpg 1920w\" sizes=\"(max-width: 1024px) 100vw, 1024px\" \/>\t\t\t\t\t\t\t\t\t\t\t\t\t\t<\/div>\n\t\t\t\t\t\t<\/div>\n\t\t\t\t<\/div>\n\t\t\t\t\t\t<\/div>\n\t\t\t\t\t<\/div>\n\t\t<\/div>\n\t\t\t\t<div class=\"elementor-column elementor-col-50 elementor-top-column elementor-element elementor-element-12719dd\" data-id=\"12719dd\" data-element_type=\"column\">\n\t\t\t<div class=\"elementor-column-wrap elementor-element-populated\">\n\t\t\t\t\t\t\t<div class=\"elementor-widget-wrap\">\n\t\t\t\t\t\t<div class=\"elementor-element elementor-element-47a8409 elementor-widget elementor-widget-iheading\" data-id=\"47a8409\" data-element_type=\"widget\" data-widget_type=\"iheading.default\">\n\t\t\t\t<div class=\"elementor-widget-container\">\n\t\t\t\t\t<div class=\"ot-heading\">\r\n\t        <h2 class=\"main-heading\">ASSESSORIA<\/h2>\t    <\/div>\r\n\t    \t\t<\/div>\n\t\t\t\t<\/div>\n\t\t\t\t<div class=\"elementor-element elementor-element-b91875a elementor-widget elementor-widget-text-editor\" data-id=\"b91875a\" data-element_type=\"widget\" data-widget_type=\"text-editor.default\">\n\t\t\t\t<div class=\"elementor-widget-container\">\n\t\t\t\t\t\t\t\t<div class=\"elementor-text-editor elementor-clearfix\">\n\t\t\t\t<p>Conte com nossa equipe para aplicar as solu\u00e7\u00f5es Autodesk \u00e0 sua realidade do seu dia-a-dia.<\/p>\t\t\t\t\t<\/div>\n\t\t\t\t\t\t<\/div>\n\t\t\t\t<\/div>\n\t\t\t\t\t\t<\/div>\n\t\t\t\t\t<\/div>\n\t\t<\/div>\n\t\t\t\t\t\t\t\t<\/div>\n\t\t\t\t\t<\/div>\n\t\t<\/section>\n\t\t\t\t<section class=\"elementor-section elementor-top-section elementor-element elementor-element-d51ae08 elementor-section-content-middle ot-traditional elementor-section-boxed elementor-section-height-default elementor-section-height-default\" data-id=\"d51ae08\" data-element_type=\"section\" data-settings=\"{&quot;shape_divider_top&quot;:&quot;waves&quot;}\">\n\t\t\t\t\t<div class=\"elementor-shape elementor-shape-top\" data-negative=\"false\">\n\t\t\t<svg xmlns=\"http:\/\/www.w3.org\/2000\/svg\" viewBox=\"0 0 1000 100\" preserveAspectRatio=\"none\">\n\t<path class=\"elementor-shape-fill\" d=\"M421.9,6.5c22.6-2.5,51.5,0.4,75.5,5.3c23.6,4.9,70.9,23.5,100.5,35.7c75.8,32.2,133.7,44.5,192.6,49.7\n\tc23.6,2.1,48.7,3.5,103.4-2.5c54.7-6,106.2-25.6,106.2-25.6V0H0v30.3c0,0,72,32.6,158.4,30.5c39.2-0.7,92.8-6.7,134-22.4\n\tc21.2-8.1,52.2-18.2,79.7-24.2C399.3,7.9,411.6,7.5,421.9,6.5z\"\/>\n<\/svg>\t\t<\/div>\n\t\t\t\t\t<div class=\"elementor-container elementor-column-gap-extended\">\n\t\t\t\t\t\t\t<div class=\"elementor-row\">\n\t\t\t\t\t<div class=\"elementor-column elementor-col-50 elementor-top-column elementor-element elementor-element-b2bebea\" data-id=\"b2bebea\" data-element_type=\"column\">\n\t\t\t<div class=\"elementor-column-wrap elementor-element-populated\">\n\t\t\t\t\t\t\t<div class=\"elementor-widget-wrap\">\n\t\t\t\t\t\t<div class=\"elementor-element elementor-element-f33dc92 elementor-widget elementor-widget-iheading\" data-id=\"f33dc92\" data-element_type=\"widget\" data-widget_type=\"iheading.default\">\n\t\t\t\t<div class=\"elementor-widget-container\">\n\t\t\t\t\t<div class=\"ot-heading\">\r\n\t        <h2 class=\"main-heading\">CONSULTORIA<\/h2>\t    <\/div>\r\n\t    \t\t<\/div>\n\t\t\t\t<\/div>\n\t\t\t\t<div class=\"elementor-element elementor-element-8ea56b9 elementor-widget elementor-widget-text-editor\" data-id=\"8ea56b9\" data-element_type=\"widget\" data-widget_type=\"text-editor.default\">\n\t\t\t\t<div class=\"elementor-widget-container\">\n\t\t\t\t\t\t\t\t<div class=\"elementor-text-editor elementor-clearfix\">\n\t\t\t\t<p>Nosso time de consultores esta pronta para ouvir e analisar a realidade de cada cliente, sugerindo solu\u00e7\u00f5es que ir\u00e3o maximizar a produtividade de toda equipe.<\/p>\t\t\t\t\t<\/div>\n\t\t\t\t\t\t<\/div>\n\t\t\t\t<\/div>\n\t\t\t\t\t\t<\/div>\n\t\t\t\t\t<\/div>\n\t\t<\/div>\n\t\t\t\t<div class=\"elementor-column elementor-col-50 elementor-top-column elementor-element elementor-element-f079bf1\" data-id=\"f079bf1\" data-element_type=\"column\">\n\t\t\t<div class=\"elementor-column-wrap elementor-element-populated\">\n\t\t\t\t\t\t\t<div class=\"elementor-widget-wrap\">\n\t\t\t\t\t\t<div class=\"elementor-element elementor-element-4f38766 elementor-widget elementor-widget-image\" data-id=\"4f38766\" data-element_type=\"widget\" data-widget_type=\"image.default\">\n\t\t\t\t<div class=\"elementor-widget-container\">\n\t\t\t\t\t\t\t\t<div class=\"elementor-image\">\n\t\t\t\t\t\t\t\t\t\t\t\t<img width=\"952\" height=\"571\" src=\"https:\/\/www.grapho.com.br\/site\/wp-content\/uploads\/2020\/02\/image1-home1.png\" class=\"attachment-large size-large\" alt=\"\" loading=\"lazy\" srcset=\"https:\/\/www.grapho.com.br\/site\/wp-content\/uploads\/2020\/02\/image1-home1.png 952w, https:\/\/www.grapho.com.br\/site\/wp-content\/uploads\/2020\/02\/image1-home1-600x360.png 600w, https:\/\/www.grapho.com.br\/site\/wp-content\/uploads\/2020\/02\/image1-home1-300x180.png 300w, https:\/\/www.grapho.com.br\/site\/wp-content\/uploads\/2020\/02\/image1-home1-768x461.png 768w, https:\/\/www.grapho.com.br\/site\/wp-content\/uploads\/2020\/02\/image1-home1-720x432.png 720w\" sizes=\"(max-width: 952px) 100vw, 952px\" \/>\t\t\t\t\t\t\t\t\t\t\t\t\t\t<\/div>\n\t\t\t\t\t\t<\/div>\n\t\t\t\t<\/div>\n\t\t\t\t\t\t<\/div>\n\t\t\t\t\t<\/div>\n\t\t<\/div>\n\t\t\t\t\t\t\t\t<\/div>\n\t\t\t\t\t<\/div>\n\t\t<\/section>\n\t\t\t\t<section class=\"elementor-section elementor-top-section elementor-element elementor-element-3cae159 elementor-section-content-middle ot-traditional elementor-section-boxed elementor-section-height-default elementor-section-height-default\" data-id=\"3cae159\" data-element_type=\"section\" data-settings=\"{&quot;background_background&quot;:&quot;gradient&quot;,&quot;shape_divider_top&quot;:&quot;waves&quot;}\">\n\t\t\t\t\t<div class=\"elementor-shape elementor-shape-top\" data-negative=\"false\">\n\t\t\t<svg xmlns=\"http:\/\/www.w3.org\/2000\/svg\" viewBox=\"0 0 1000 100\" preserveAspectRatio=\"none\">\n\t<path class=\"elementor-shape-fill\" d=\"M421.9,6.5c22.6-2.5,51.5,0.4,75.5,5.3c23.6,4.9,70.9,23.5,100.5,35.7c75.8,32.2,133.7,44.5,192.6,49.7\n\tc23.6,2.1,48.7,3.5,103.4-2.5c54.7-6,106.2-25.6,106.2-25.6V0H0v30.3c0,0,72,32.6,158.4,30.5c39.2-0.7,92.8-6.7,134-22.4\n\tc21.2-8.1,52.2-18.2,79.7-24.2C399.3,7.9,411.6,7.5,421.9,6.5z\"\/>\n<\/svg>\t\t<\/div>\n\t\t\t\t\t<div class=\"elementor-container elementor-column-gap-extended\">\n\t\t\t\t\t\t\t<div class=\"elementor-row\">\n\t\t\t\t\t<div class=\"elementor-column elementor-col-50 elementor-top-column elementor-element elementor-element-c501168\" data-id=\"c501168\" data-element_type=\"column\">\n\t\t\t<div class=\"elementor-column-wrap elementor-element-populated\">\n\t\t\t\t\t\t\t<div class=\"elementor-widget-wrap\">\n\t\t\t\t\t\t<div class=\"elementor-element elementor-element-6b059d8 elementor-widget elementor-widget-image\" data-id=\"6b059d8\" data-element_type=\"widget\" data-widget_type=\"image.default\">\n\t\t\t\t<div class=\"elementor-widget-container\">\n\t\t\t\t\t\t\t\t<div class=\"elementor-image\">\n\t\t\t\t\t\t\t\t\t\t\t\t<img width=\"870\" height=\"520\" src=\"https:\/\/www.grapho.com.br\/site\/wp-content\/uploads\/2019\/05\/blog-slide1.jpg\" class=\"attachment-large size-large\" alt=\"\" loading=\"lazy\" srcset=\"https:\/\/www.grapho.com.br\/site\/wp-content\/uploads\/2019\/05\/blog-slide1.jpg 870w, https:\/\/www.grapho.com.br\/site\/wp-content\/uploads\/2019\/05\/blog-slide1-600x359.jpg 600w, https:\/\/www.grapho.com.br\/site\/wp-content\/uploads\/2019\/05\/blog-slide1-300x179.jpg 300w, https:\/\/www.grapho.com.br\/site\/wp-content\/uploads\/2019\/05\/blog-slide1-768x459.jpg 768w, https:\/\/www.grapho.com.br\/site\/wp-content\/uploads\/2019\/05\/blog-slide1-720x430.jpg 720w\" sizes=\"(max-width: 870px) 100vw, 870px\" \/>\t\t\t\t\t\t\t\t\t\t\t\t\t\t<\/div>\n\t\t\t\t\t\t<\/div>\n\t\t\t\t<\/div>\n\t\t\t\t\t\t<\/div>\n\t\t\t\t\t<\/div>\n\t\t<\/div>\n\t\t\t\t<div class=\"elementor-column elementor-col-50 elementor-top-column elementor-element elementor-element-b18df2d\" data-id=\"b18df2d\" data-element_type=\"column\">\n\t\t\t<div class=\"elementor-column-wrap elementor-element-populated\">\n\t\t\t\t\t\t\t<div class=\"elementor-widget-wrap\">\n\t\t\t\t\t\t<div class=\"elementor-element elementor-element-3067039 elementor-widget elementor-widget-iheading\" data-id=\"3067039\" data-element_type=\"widget\" data-widget_type=\"iheading.default\">\n\t\t\t\t<div class=\"elementor-widget-container\">\n\t\t\t\t\t<div class=\"ot-heading\">\r\n\t        <h2 class=\"main-heading\">SUPORTE T\u00c9CNICO<\/h2>\t    <\/div>\r\n\t    \t\t<\/div>\n\t\t\t\t<\/div>\n\t\t\t\t<div class=\"elementor-element elementor-element-eb46723 elementor-widget elementor-widget-text-editor\" data-id=\"eb46723\" data-element_type=\"widget\" data-widget_type=\"text-editor.default\">\n\t\t\t\t<div class=\"elementor-widget-container\">\n\t\t\t\t\t\t\t\t<div class=\"elementor-text-editor elementor-clearfix\">\n\t\t\t\t<p>Nossos t\u00e9cnicos est\u00e3o prontos para atender as d\u00favidas e necessidades dos nossos clientes em diversas situa\u00e7\u00f5es do dia-a-dia.<\/p>\t\t\t\t\t<\/div>\n\t\t\t\t\t\t<\/div>\n\t\t\t\t<\/div>\n\t\t\t\t\t\t<\/div>\n\t\t\t\t\t<\/div>\n\t\t<\/div>\n\t\t\t\t\t\t\t\t<\/div>\n\t\t\t\t\t<\/div>\n\t\t<\/section>\n\t\t\t\t\t\t\t\t\t<\/div>\n\t\t\t<\/div>\n\t\t\t\t\t<\/div>\n\t\t","protected":false},"excerpt":{"rendered":"<p>\/\/ Servi\u00e7os GRAPHO CAPACITA\u00c7\u00c3O A GRAPHO Software \u00e9 um Centro de Treinamento Autorizado Autodesk. Possui uma equipe t\u00e9cnica altamente qualificada, nossos t\u00e9cnicos s\u00e3o capacitados periodicamente e est\u00e3o sempre em busca de tend\u00eancias e novidades nas solu\u00e7\u00f5es Autodesk. Acreditamos que a capacita\u00e7\u00e3o \u00e9 essencial para que os usu\u00e1rios conhe\u00e7am as funcionalidades das ferramentas e solu\u00e7\u00f5es adquiridas. [&hellip;]<\/p>\n","protected":false},"author":1,"featured_media":0,"parent":0,"menu_order":0,"comment_status":"closed","ping_status":"closed","template":"","meta":[],"yoast_head":"<!-- This site is optimized with the Yoast SEO plugin v16.3 - https:\/\/yoast.com\/wordpress\/plugins\/seo\/ -->\n<title>Servi\u00e7os - GRAPHO<\/title>\n<meta name=\"robots\" content=\"index, follow, max-snippet:-1, max-image-preview:large, max-video-preview:-1\" \/>\n<link rel=\"canonical\" href=\"https:\/\/www.grapho.com.br\/site\/servicos\/\" \/>\n<meta property=\"og:locale\" content=\"pt_BR\" \/>\n<meta property=\"og:type\" content=\"article\" \/>\n<meta property=\"og:title\" content=\"Servi\u00e7os - GRAPHO\" \/>\n<meta property=\"og:description\" content=\"\/\/ Servi\u00e7os GRAPHO CAPACITA\u00c7\u00c3O A GRAPHO Software \u00e9 um Centro de Treinamento Autorizado Autodesk. Possui uma equipe t\u00e9cnica altamente qualificada, nossos t\u00e9cnicos s\u00e3o capacitados periodicamente e est\u00e3o sempre em busca de tend\u00eancias e novidades nas solu\u00e7\u00f5es Autodesk. Acreditamos que a capacita\u00e7\u00e3o \u00e9 essencial para que os usu\u00e1rios conhe\u00e7am as funcionalidades das ferramentas e solu\u00e7\u00f5es adquiridas. [&hellip;]\" \/>\n<meta property=\"og:url\" content=\"https:\/\/www.grapho.com.br\/site\/servicos\/\" \/>\n<meta property=\"og:site_name\" content=\"GRAPHO\" \/>\n<meta property=\"article:modified_time\" content=\"2021-05-05T20:12:19+00:00\" \/>\n<meta property=\"og:image\" content=\"https:\/\/www.grapho.com.br\/site\/wp-content\/uploads\/2020\/03\/image1-home2.png\" \/>\n<meta name=\"twitter:card\" content=\"summary_large_image\" \/>\n<meta name=\"twitter:label1\" content=\"Est. tempo de leitura\">\n\t<meta name=\"twitter:data1\" content=\"1 minuto\">\n<script type=\"application\/ld+json\" class=\"yoast-schema-graph\">{\"@context\":\"https:\/\/schema.org\",\"@graph\":[{\"@type\":\"WebSite\",\"@id\":\"https:\/\/www.grapho.com.br\/site\/#website\",\"url\":\"https:\/\/www.grapho.com.br\/site\/\",\"name\":\"GRAPHO\",\"description\":\"Softwares Autodesk\",\"potentialAction\":[{\"@type\":\"SearchAction\",\"target\":\"https:\/\/www.grapho.com.br\/site\/?s={search_term_string}\",\"query-input\":\"required name=search_term_string\"}],\"inLanguage\":\"pt-BR\"},{\"@type\":\"ImageObject\",\"@id\":\"https:\/\/www.grapho.com.br\/site\/servicos\/#primaryimage\",\"inLanguage\":\"pt-BR\",\"url\":\"https:\/\/www.grapho.com.br\/site\/wp-content\/uploads\/2020\/03\/image1-home2.png\",\"contentUrl\":\"https:\/\/www.grapho.com.br\/site\/wp-content\/uploads\/2020\/03\/image1-home2.png\",\"width\":977,\"height\":521},{\"@type\":\"WebPage\",\"@id\":\"https:\/\/www.grapho.com.br\/site\/servicos\/#webpage\",\"url\":\"https:\/\/www.grapho.com.br\/site\/servicos\/\",\"name\":\"Servi\\u00e7os - GRAPHO\",\"isPartOf\":{\"@id\":\"https:\/\/www.grapho.com.br\/site\/#website\"},\"primaryImageOfPage\":{\"@id\":\"https:\/\/www.grapho.com.br\/site\/servicos\/#primaryimage\"},\"datePublished\":\"2021-03-02T18:27:04+00:00\",\"dateModified\":\"2021-05-05T20:12:19+00:00\",\"breadcrumb\":{\"@id\":\"https:\/\/www.grapho.com.br\/site\/servicos\/#breadcrumb\"},\"inLanguage\":\"pt-BR\",\"potentialAction\":[{\"@type\":\"ReadAction\",\"target\":[\"https:\/\/www.grapho.com.br\/site\/servicos\/\"]}]},{\"@type\":\"BreadcrumbList\",\"@id\":\"https:\/\/www.grapho.com.br\/site\/servicos\/#breadcrumb\",\"itemListElement\":[{\"@type\":\"ListItem\",\"position\":1,\"item\":{\"@type\":\"WebPage\",\"@id\":\"https:\/\/www.grapho.com.br\/site\/\",\"url\":\"https:\/\/www.grapho.com.br\/site\/\",\"name\":\"In\\u00edcio\"}},{\"@type\":\"ListItem\",\"position\":2,\"item\":{\"@id\":\"https:\/\/www.grapho.com.br\/site\/servicos\/#webpage\"}}]}]}<\/script>\n<!-- \/ Yoast SEO plugin. -->","_links":{"self":[{"href":"https:\/\/www.grapho.com.br\/site\/wp-json\/wp\/v2\/pages\/3242"}],"collection":[{"href":"https:\/\/www.grapho.com.br\/site\/wp-json\/wp\/v2\/pages"}],"about":[{"href":"https:\/\/www.grapho.com.br\/site\/wp-json\/wp\/v2\/types\/page"}],"author":[{"embeddable":true,"href":"https:\/\/www.grapho.com.br\/site\/wp-json\/wp\/v2\/users\/1"}],"replies":[{"embeddable":true,"href":"https:\/\/www.grapho.com.br\/site\/wp-json\/wp\/v2\/comments?post=3242"}],"version-history":[{"count":26,"href":"https:\/\/www.grapho.com.br\/site\/wp-json\/wp\/v2\/pages\/3242\/revisions"}],"predecessor-version":[{"id":3909,"href":"https:\/\/www.grapho.com.br\/site\/wp-json\/wp\/v2\/pages\/3242\/revisions\/3909"}],"wp:attachment":[{"href":"https:\/\/www.grapho.com.br\/site\/wp-json\/wp\/v2\/media?parent=3242"}],"curies":[{"name":"wp","href":"https:\/\/api.w.org\/{rel}","templated":true}]}}