{"id":2407,"date":"2020-03-06T07:58:00","date_gmt":"2020-03-06T10:58:00","guid":{"rendered":"http:\/\/wpdemo.archiwp.com\/engitech\/?page_id=2407"},"modified":"2022-04-08T14:35:58","modified_gmt":"2022-04-08T17:35:58","slug":"solucoes","status":"publish","type":"page","link":"https:\/\/www.grapho.com.br\/site\/solucoes\/","title":{"rendered":"Solu\u00e7\u00f5es"},"content":{"rendered":"\t\t<div data-elementor-type=\"wp-page\" data-elementor-id=\"2407\" class=\"elementor elementor-2407\">\n\t\t\t\t\t\t<div class=\"elementor-inner\">\n\t\t\t\t<div class=\"elementor-section-wrap\">\n\t\t\t\t\t\t\t\t\t<section class=\"elementor-section elementor-top-section elementor-element elementor-element-ca00d56 ot-traditional elementor-section-boxed elementor-section-height-default elementor-section-height-default\" data-id=\"ca00d56\" data-element_type=\"section\">\n\t\t\t\t\t\t<div class=\"elementor-container elementor-column-gap-default\">\n\t\t\t\t\t\t\t<div class=\"elementor-row\">\n\t\t\t\t\t<div class=\"elementor-column elementor-col-100 elementor-top-column elementor-element elementor-element-ffdf0ac\" data-id=\"ffdf0ac\" data-element_type=\"column\">\n\t\t\t<div class=\"elementor-column-wrap elementor-element-populated\">\n\t\t\t\t\t\t\t<div class=\"elementor-widget-wrap\">\n\t\t\t\t\t\t<section class=\"elementor-section elementor-inner-section elementor-element elementor-element-75221f9 elementor-section-full_width elementor-section-content-bottom ot-traditional elementor-section-height-default elementor-section-height-default\" data-id=\"75221f9\" data-element_type=\"section\">\n\t\t\t\t\t\t<div class=\"elementor-container elementor-column-gap-default\">\n\t\t\t\t\t\t\t<div class=\"elementor-row\">\n\t\t\t\t\t<div class=\"elementor-column elementor-col-50 elementor-inner-column elementor-element elementor-element-c1b831a\" data-id=\"c1b831a\" data-element_type=\"column\">\n\t\t\t<div class=\"elementor-column-wrap elementor-element-populated\">\n\t\t\t\t\t\t\t<div class=\"elementor-widget-wrap\">\n\t\t\t\t\t\t<div class=\"elementor-element elementor-element-1b26fd1 elementor-widget elementor-widget-iheading\" data-id=\"1b26fd1\" data-element_type=\"widget\" data-widget_type=\"iheading.default\">\n\t\t\t\t<div class=\"elementor-widget-container\">\n\t\t\t\t\t<div class=\"ot-heading\">\r\n\t        \t            <span>\/\/ greapho<\/span>\r\n\t        <h2 class=\"main-heading\">Conhe\u00e7a nossa solu\u00e7\u00f5es<\/h2>\t    <\/div>\r\n\t    \t\t<\/div>\n\t\t\t\t<\/div>\n\t\t\t\t\t\t<\/div>\n\t\t\t\t\t<\/div>\n\t\t<\/div>\n\t\t\t\t<div class=\"elementor-column elementor-col-50 elementor-inner-column elementor-element elementor-element-615e33b\" data-id=\"615e33b\" data-element_type=\"column\">\n\t\t\t<div class=\"elementor-column-wrap elementor-element-populated\">\n\t\t\t\t\t\t\t<div class=\"elementor-widget-wrap\">\n\t\t\t\t\t\t<div class=\"elementor-element elementor-element-83ec4ab elementor-align-right elementor-mobile-align-left elementor-widget elementor-widget-ibutton\" data-id=\"83ec4ab\" data-element_type=\"widget\" data-widget_type=\"ibutton.default\">\n\t\t\t\t<div class=\"elementor-widget-container\">\n\t\t\t\t\t<div class=\"ot-button\">\r\n\t\t\t<a href=\"\/contato\" class=\"octf-btn octf-btn-primary\">Fale Conosco<\/a>\r\n\t    <\/div>\r\n\t    \t\t<\/div>\n\t\t\t\t<\/div>\n\t\t\t\t\t\t<\/div>\n\t\t\t\t\t<\/div>\n\t\t<\/div>\n\t\t\t\t\t\t\t\t<\/div>\n\t\t\t\t\t<\/div>\n\t\t<\/section>\n\t\t\t\t<section class=\"elementor-section elementor-inner-section elementor-element elementor-element-64da2ad elementor-section-full_width ot-traditional elementor-section-height-default elementor-section-height-default\" data-id=\"64da2ad\" data-element_type=\"section\">\n\t\t\t\t\t\t<div class=\"elementor-container elementor-column-gap-extended\">\n\t\t\t\t\t\t\t<div class=\"elementor-row\">\n\t\t\t\t\t<div class=\"elementor-column elementor-col-25 elementor-inner-column elementor-element elementor-element-73d21de\" data-id=\"73d21de\" data-element_type=\"column\">\n\t\t\t<div class=\"elementor-column-wrap elementor-element-populated\">\n\t\t\t\t\t\t\t<div class=\"elementor-widget-wrap\">\n\t\t\t\t\t\t<div class=\"elementor-element elementor-element-2e0b847 elementor-widget elementor-widget-iiconbox2\" data-id=\"2e0b847\" data-element_type=\"widget\" data-widget_type=\"iiconbox2.default\">\n\t\t\t\t<div class=\"elementor-widget-container\">\n\t\t\t\t\t<div class=\"icon-box-s2 s1\">\r\n\t\t\t<div class=\"icon-main\">\r\n\t\t        \t\t\t    \t\t        <span class=\"flaticon-code\"><\/span>\t        <\/div>\r\n\t        <div class=\"content-box\">\r\n\t            <h5><a href=\"http:\/\/www.grapho.com.br\/site\/solucoes\/arquitetura-engenharia-e-construcao\/\">Arquitetura, Engenharia e Constru\u00e7\u00e3o<\/a><\/h5>\r\n\t            <p><\/p>\r\n\t        <\/div>\r\n\t    <\/div>\r\n\t    \t\t<\/div>\n\t\t\t\t<\/div>\n\t\t\t\t\t\t<\/div>\n\t\t\t\t\t<\/div>\n\t\t<\/div>\n\t\t\t\t<div class=\"elementor-column elementor-col-25 elementor-inner-column elementor-element elementor-element-58b6f2a\" data-id=\"58b6f2a\" data-element_type=\"column\">\n\t\t\t<div class=\"elementor-column-wrap elementor-element-populated\">\n\t\t\t\t\t\t\t<div class=\"elementor-widget-wrap\">\n\t\t\t\t\t\t<div class=\"elementor-element elementor-element-8e5b4fe elementor-widget elementor-widget-iiconbox2\" data-id=\"8e5b4fe\" data-element_type=\"widget\" data-widget_type=\"iiconbox2.default\">\n\t\t\t\t<div class=\"elementor-widget-container\">\n\t\t\t\t\t<div class=\"icon-box-s2 s1\">\r\n\t\t\t<div class=\"icon-main\">\r\n\t\t        \t\t\t    \t\t        <span class=\"flaticon-app\"><\/span>\t        <\/div>\r\n\t        <div class=\"content-box\">\r\n\t            <h5><a href=\"http:\/\/www.grapho.com.br\/site\/solucoes\/manufatura\/\">Manufatura<\/a><\/h5>\r\n\t            <p><\/p>\r\n\t        <\/div>\r\n\t    <\/div>\r\n\t    \t\t<\/div>\n\t\t\t\t<\/div>\n\t\t\t\t\t\t<\/div>\n\t\t\t\t\t<\/div>\n\t\t<\/div>\n\t\t\t\t<div class=\"elementor-column elementor-col-25 elementor-inner-column elementor-element elementor-element-80b173f elementor-hidden-tablet\" data-id=\"80b173f\" data-element_type=\"column\">\n\t\t\t<div class=\"elementor-column-wrap elementor-element-populated\">\n\t\t\t\t\t\t\t<div class=\"elementor-widget-wrap\">\n\t\t\t\t\t\t<div class=\"elementor-element elementor-element-ec9e6d3 elementor-widget elementor-widget-iiconbox2\" data-id=\"ec9e6d3\" data-element_type=\"widget\" data-widget_type=\"iiconbox2.default\">\n\t\t\t\t<div class=\"elementor-widget-container\">\n\t\t\t\t\t<div class=\"icon-box-s2 s1\">\r\n\t\t\t<div class=\"icon-main\">\r\n\t\t        \t\t\t    \t\t        <span class=\"flaticon-monitor\"><\/span>\t        <\/div>\r\n\t        <div class=\"content-box\">\r\n\t            <h5>M\u00eddia e Entretenimento<\/h5>\r\n\t            <p><\/p>\r\n\t        <\/div>\r\n\t    <\/div>\r\n\t    \t\t<\/div>\n\t\t\t\t<\/div>\n\t\t\t\t\t\t<\/div>\n\t\t\t\t\t<\/div>\n\t\t<\/div>\n\t\t\t\t<div class=\"elementor-column elementor-col-25 elementor-inner-column elementor-element elementor-element-d274ade\" data-id=\"d274ade\" data-element_type=\"column\">\n\t\t\t<div class=\"elementor-column-wrap elementor-element-populated\">\n\t\t\t\t\t\t\t<div class=\"elementor-widget-wrap\">\n\t\t\t\t\t\t<div class=\"elementor-element elementor-element-21df24f elementor-widget elementor-widget-iiconbox2\" data-id=\"21df24f\" data-element_type=\"widget\" data-widget_type=\"iiconbox2.default\">\n\t\t\t\t<div class=\"elementor-widget-container\">\n\t\t\t\t\t<div class=\"icon-box-s2 s1\">\r\n\t\t\t<div class=\"icon-main\">\r\n\t\t        \t\t\t    \t\t        <span class=\"flaticon-browser\"><\/span>\t        <\/div>\r\n\t        <div class=\"content-box\">\r\n\t            <h5>Criatividade e Design<\/h5>\r\n\t            <p><\/p>\r\n\t        <\/div>\r\n\t    <\/div>\r\n\t    \t\t<\/div>\n\t\t\t\t<\/div>\n\t\t\t\t\t\t<\/div>\n\t\t\t\t\t<\/div>\n\t\t<\/div>\n\t\t\t\t\t\t\t\t<\/div>\n\t\t\t\t\t<\/div>\n\t\t<\/section>\n\t\t\t\t\t\t<\/div>\n\t\t\t\t\t<\/div>\n\t\t<\/div>\n\t\t\t\t\t\t\t\t<\/div>\n\t\t\t\t\t<\/div>\n\t\t<\/section>\n\t\t\t\t\t\t\t\t\t<\/div>\n\t\t\t<\/div>\n\t\t\t\t\t<\/div>\n\t\t","protected":false},"excerpt":{"rendered":"<p>\/\/ greapho Conhe\u00e7a nossa solu\u00e7\u00f5es Fale Conosco Arquitetura, Engenharia e Constru\u00e7\u00e3o Manufatura M\u00eddia e Entretenimento Criatividade e Design<\/p>\n","protected":false},"author":1,"featured_media":0,"parent":0,"menu_order":0,"comment_status":"closed","ping_status":"closed","template":"","meta":[],"yoast_head":"<!-- This site is optimized with the Yoast SEO plugin v16.3 - https:\/\/yoast.com\/wordpress\/plugins\/seo\/ -->\n<title>Solu\u00e7\u00f5es - GRAPHO<\/title>\n<meta name=\"robots\" content=\"index, follow, max-snippet:-1, max-image-preview:large, max-video-preview:-1\" \/>\n<link rel=\"canonical\" href=\"https:\/\/www.grapho.com.br\/site\/solucoes\/\" \/>\n<meta property=\"og:locale\" content=\"pt_BR\" \/>\n<meta property=\"og:type\" content=\"article\" \/>\n<meta property=\"og:title\" content=\"Solu\u00e7\u00f5es - GRAPHO\" \/>\n<meta property=\"og:description\" content=\"\/\/ greapho Conhe\u00e7a nossa solu\u00e7\u00f5es Fale Conosco Arquitetura, Engenharia e Constru\u00e7\u00e3o Manufatura M\u00eddia e Entretenimento Criatividade e Design\" \/>\n<meta property=\"og:url\" content=\"https:\/\/www.grapho.com.br\/site\/solucoes\/\" \/>\n<meta property=\"og:site_name\" content=\"GRAPHO\" \/>\n<meta property=\"article:modified_time\" content=\"2022-04-08T17:35:58+00:00\" \/>\n<meta name=\"twitter:card\" content=\"summary_large_image\" \/>\n<script type=\"application\/ld+json\" class=\"yoast-schema-graph\">{\"@context\":\"https:\/\/schema.org\",\"@graph\":[{\"@type\":\"WebSite\",\"@id\":\"https:\/\/www.grapho.com.br\/site\/#website\",\"url\":\"https:\/\/www.grapho.com.br\/site\/\",\"name\":\"GRAPHO\",\"description\":\"Softwares Autodesk\",\"potentialAction\":[{\"@type\":\"SearchAction\",\"target\":\"https:\/\/www.grapho.com.br\/site\/?s={search_term_string}\",\"query-input\":\"required name=search_term_string\"}],\"inLanguage\":\"pt-BR\"},{\"@type\":\"WebPage\",\"@id\":\"https:\/\/www.grapho.com.br\/site\/solucoes\/#webpage\",\"url\":\"https:\/\/www.grapho.com.br\/site\/solucoes\/\",\"name\":\"Solu\\u00e7\\u00f5es - GRAPHO\",\"isPartOf\":{\"@id\":\"https:\/\/www.grapho.com.br\/site\/#website\"},\"datePublished\":\"2020-03-06T10:58:00+00:00\",\"dateModified\":\"2022-04-08T17:35:58+00:00\",\"breadcrumb\":{\"@id\":\"https:\/\/www.grapho.com.br\/site\/solucoes\/#breadcrumb\"},\"inLanguage\":\"pt-BR\",\"potentialAction\":[{\"@type\":\"ReadAction\",\"target\":[\"https:\/\/www.grapho.com.br\/site\/solucoes\/\"]}]},{\"@type\":\"BreadcrumbList\",\"@id\":\"https:\/\/www.grapho.com.br\/site\/solucoes\/#breadcrumb\",\"itemListElement\":[{\"@type\":\"ListItem\",\"position\":1,\"item\":{\"@type\":\"WebPage\",\"@id\":\"https:\/\/www.grapho.com.br\/site\/\",\"url\":\"https:\/\/www.grapho.com.br\/site\/\",\"name\":\"In\\u00edcio\"}},{\"@type\":\"ListItem\",\"position\":2,\"item\":{\"@id\":\"https:\/\/www.grapho.com.br\/site\/solucoes\/#webpage\"}}]}]}<\/script>\n<!-- \/ Yoast SEO plugin. -->","_links":{"self":[{"href":"https:\/\/www.grapho.com.br\/site\/wp-json\/wp\/v2\/pages\/2407"}],"collection":[{"href":"https:\/\/www.grapho.com.br\/site\/wp-json\/wp\/v2\/pages"}],"about":[{"href":"https:\/\/www.grapho.com.br\/site\/wp-json\/wp\/v2\/types\/page"}],"author":[{"embeddable":true,"href":"https:\/\/www.grapho.com.br\/site\/wp-json\/wp\/v2\/users\/1"}],"replies":[{"embeddable":true,"href":"https:\/\/www.grapho.com.br\/site\/wp-json\/wp\/v2\/comments?post=2407"}],"version-history":[{"count":3,"href":"https:\/\/www.grapho.com.br\/site\/wp-json\/wp\/v2\/pages\/2407\/revisions"}],"predecessor-version":[{"id":3526,"href":"https:\/\/www.grapho.com.br\/site\/wp-json\/wp\/v2\/pages\/2407\/revisions\/3526"}],"wp:attachment":[{"href":"https:\/\/www.grapho.com.br\/site\/wp-json\/wp\/v2\/media?parent=2407"}],"curies":[{"name":"wp","href":"https:\/\/api.w.org\/{rel}","templated":true}]}}